{"id":3255,"date":"2023-12-10T12:23:36","date_gmt":"2023-12-10T11:23:36","guid":{"rendered":"https:\/\/www.mariakurty.com\/?post_type=product&#038;p=3255"},"modified":"2023-12-16T01:15:42","modified_gmt":"2023-12-16T00:15:42","slug":"sada-vianocnych-stetcov-a-peciatok","status":"publish","type":"product","link":"https:\/\/www.mariakurty.com\/en\/product\/sada-vianocnych-stetcov-a-peciatok\/","title":{"rendered":"Sada viano\u010dn\u00fdch \u0161tetcov a pe\u010diatok"},"content":{"rendered":"<p>Sada viano\u010dn\u00fdch \u0161tetcov a pe\u010diatok<\/p>\r\n\r\n<p>\u0160peci\u00e1lne \u2013 vo\u0148av\u00e9 viano\u010dn\u00e9 \u0161tetce a pe\u010diatky vyroben\u00e9 s l\u00e1skou a starostlivos\u0165ou. \u0160tetce s v\u00f4\u0148ou \u0161korice a klin\u010dekov, s chu\u0165ou granka a maku ti poskytn\u00fa nezamenite\u013en\u00fa z\u00e1\u017eitok pri ka\u017edom pohybe po displeji iPadu. Celkovo v sade n\u00e1jde\u0161:<\/p>\r\n\r\n\r\n\r\n<ul class=\"wp-block-list\">\r\n<li><strong>8 klasick\u00fdch \u0161tetcov<\/strong> na skicovanie, kreslenie a vyfarbovanie, vr\u00e1tane dvojit\u00e9ho \u0161tetca na u\u013eah\u010denie p\u00edsania alebo tvorby st\u00f4p od s\u00e1nok \u010di ly\u017e\u00ed a dvoch \u0161tetcov prisp\u00f4soben\u00fdch na kreslenie ihli\u010dia<\/li>\r\n\r\n\r\n\r\n<li><strong>4 dekorat\u00edvne \u0161tetce<\/strong> na pridanie sviato\u010dn\u00e9ho lesku<\/li>\r\n\r\n\r\n\r\n<li><strong>5 \u0161tetcov s text\u00farou<\/strong> vr\u00e1tane dvoch na v\u00fdrobu snehu<\/li>\r\n\r\n\r\n\r\n<li><strong>4 \u0161tetce s text\u00farou papiera<\/strong>, ktor\u00e9 ilustr\u00e1cii dodaj\u00fa ten spr\u00e1vny nostalgicko &#8211; sviato\u010dn\u00fd n\u00e1dych a viano\u010dn\u00e9 teplo<\/li>\r\n\r\n\r\n\r\n<li><strong>44 viano\u010dn\u00fdch pe\u010diatok<\/strong> s r\u00f4znymi mot\u00edvmi (vlo\u010dky, viano\u010dn\u00e9 ozdoby, vetvi\u010dky&#8230;)<\/li>\r\n<\/ul>\r\n<p>Spolu 65 skvel\u00fdch pomocn\u00edkov, ktor\u00ed ti umo\u017enia vytv\u00e1ra\u0165 kr\u00e1sne viano\u010dn\u00e9 diela v priebehu nieko\u013ek\u00fdch min\u00fat. Nielen\u017ee si u\u017eije\u0161 z\u00e1bavu pri tvoren\u00ed, hotov\u00fdmi viano\u010dn\u00fdmi dielami m\u00f4\u017ee\u0161 pote\u0161i\u0165 aj svojich bl\u00edzkych, napr\u00edklad v podobe vlastnoru\u010dne nakreslenej viano\u010dnej poh\u013eadnice.<\/p>","protected":false},"excerpt":{"rendered":"<p>Sada viano\u010dn\u00fdch \u0161tetcov a pe\u010diatok<\/p>","protected":false},"featured_media":3475,"template":"","meta":{"_kad_post_transparent":"default","_kad_post_title":"","_kad_post_layout":"default","_kad_post_sidebar_id":"","_kad_post_content_style":"default","_kad_post_vertical_padding":"default","_kad_post_feature":"","_kad_post_feature_position":"","_kad_post_header":false,"_kad_post_footer":false,"_kad_post_classname":""},"product_brand":[],"product_cat":[35],"product_tag":[],"class_list":{"0":"post-3255","1":"product","2":"type-product","3":"status-publish","4":"has-post-thumbnail","6":"product_cat-nezaradene","8":"first","9":"instock","10":"downloadable","11":"virtual","12":"sold-individually","13":"purchasable","14":"product-type-simple","15":"entry","16":"content-bg","17":"loop-entry"},"_links":{"self":[{"href":"https:\/\/www.mariakurty.com\/en\/wp-json\/wp\/v2\/product\/3255","targetHints":{"allow":["GET"]}}],"collection":[{"href":"https:\/\/www.mariakurty.com\/en\/wp-json\/wp\/v2\/product"}],"about":[{"href":"https:\/\/www.mariakurty.com\/en\/wp-json\/wp\/v2\/types\/product"}],"wp:featuredmedia":[{"embeddable":true,"href":"https:\/\/www.mariakurty.com\/en\/wp-json\/wp\/v2\/media\/3475"}],"wp:attachment":[{"href":"https:\/\/www.mariakurty.com\/en\/wp-json\/wp\/v2\/media?parent=3255"}],"wp:term":[{"taxonomy":"product_brand","embeddable":true,"href":"https:\/\/www.mariakurty.com\/en\/wp-json\/wp\/v2\/product_brand?post=3255"},{"taxonomy":"product_cat","embeddable":true,"href":"https:\/\/www.mariakurty.com\/en\/wp-json\/wp\/v2\/product_cat?post=3255"},{"taxonomy":"product_tag","embeddable":true,"href":"https:\/\/www.mariakurty.com\/en\/wp-json\/wp\/v2\/product_tag?post=3255"}],"curies":[{"name":"wp","href":"https:\/\/api.w.org\/{rel}","templated":true}]}}