{"id":992,"date":"2023-04-10T01:04:43","date_gmt":"2023-04-09T23:04:43","guid":{"rendered":"https:\/\/www.mariakurty.com\/?page_id=992"},"modified":"2023-12-22T15:19:24","modified_gmt":"2023-12-22T14:19:24","slug":"omalovanky-zadarmo","status":"publish","type":"page","link":"https:\/\/www.mariakurty.com\/en\/omalovanky-zadarmo\/","title":{"rendered":"ZADARMO Ve\u013ekono\u010dn\u00e9 oma\u013eov\u00e1nky 2023"},"content":{"rendered":"<style>.kb-row-layout-id992_d5fdbe-d4 > .kt-row-column-wrap{align-content:start;}:where(.kb-row-layout-id992_d5fdbe-d4 > .kt-row-column-wrap) > .wp-block-kadence-column{justify-content:start;}.kb-row-layout-id992_d5fdbe-d4 > .kt-row-column-wrap{column-gap:var(--global-kb-gap-md, 2rem);row-gap:var(--global-kb-gap-md, 2rem);padding-top:var(--global-kb-spacing-sm, 1.5rem);padding-bottom:var(--global-kb-spacing-sm, 1.5rem);grid-template-columns:minmax(0, 1fr) minmax(0, 2fr);}.kb-row-layout-id992_d5fdbe-d4 > .kt-row-layout-overlay{opacity:0.30;}@media all and (max-width: 1024px){.kb-row-layout-id992_d5fdbe-d4 > .kt-row-column-wrap{grid-template-columns:minmax(0, 1fr) minmax(0, 2fr);}}@media all and (max-width: 767px){.kb-row-layout-id992_d5fdbe-d4 > .kt-row-column-wrap{grid-template-columns:minmax(0, 1fr);}}<\/style><div class=\"kb-row-layout-wrap kb-row-layout-id992_d5fdbe-d4 alignnone wp-block-kadence-rowlayout\"><div class=\"kt-row-column-wrap kt-has-2-columns kt-row-layout-right-golden kt-tab-layout-inherit kt-mobile-layout-row kt-row-valign-top\">\n<style>.kadence-column992_023f83-46 > .kt-inside-inner-col{min-height:500px;}.kadence-column992_023f83-46 > .kt-inside-inner-col,.kadence-column992_023f83-46 > .kt-inside-inner-col:before{border-top-left-radius:3px;border-top-right-radius:3px;border-bottom-right-radius:3px;border-bottom-left-radius:3px;}.kadence-column992_023f83-46 > .kt-inside-inner-col{column-gap:var(--global-kb-gap-sm, 1rem);}.kadence-column992_023f83-46 > .kt-inside-inner-col{flex-direction:column;}.kadence-column992_023f83-46 > .kt-inside-inner-col > .aligncenter{width:100%;}.kadence-column992_023f83-46 > .kt-inside-inner-col{background-image:url('https:\/\/www.mariakurty.com\/wp-content\/uploads\/2023\/04\/IMG_0726-2-scaled.jpg');background-size:cover;background-position:60% 87%;background-attachment:scroll;background-repeat:no-repeat;}.kadence-column992_023f83-46 > .kt-inside-inner-col:before{opacity:0.3;}.kadence-column992_023f83-46{position:relative;}@media all and (max-width: 1024px){.kadence-column992_023f83-46 > .kt-inside-inner-col{flex-direction:column;justify-content:center;}}@media all and (max-width: 767px){.kadence-column992_023f83-46 > .kt-inside-inner-col{min-height:360px;flex-direction:column;justify-content:center;}}<\/style>\n<div class=\"wp-block-kadence-column kadence-column992_023f83-46\"><div class=\"kt-inside-inner-col\"><\/div><\/div>\n\n\n<style>.kadence-column992_96dce0-fd > .kt-inside-inner-col{display:flex;}.kadence-column992_96dce0-fd > .kt-inside-inner-col,.kadence-column992_96dce0-fd > .kt-inside-inner-col:before{border-top-left-radius:0px;border-top-right-radius:0px;border-bottom-right-radius:0px;border-bottom-left-radius:0px;}.kadence-column992_96dce0-fd > .kt-inside-inner-col{column-gap:var(--global-kb-gap-sm, 1rem);}.kadence-column992_96dce0-fd > .kt-inside-inner-col{flex-direction:column;justify-content:center;}.kadence-column992_96dce0-fd > .kt-inside-inner-col > .aligncenter{width:100%;}.kt-row-column-wrap > .kadence-column992_96dce0-fd{align-self:center;}.kt-inner-column-height-full:not(.kt-has-1-columns) > .wp-block-kadence-column.kadence-column992_96dce0-fd{align-self:auto;}.kt-inner-column-height-full:not(.kt-has-1-columns) > .wp-block-kadence-column.kadence-column992_96dce0-fd > .kt-inside-inner-col{flex-direction:column;justify-content:center;}.kadence-column992_96dce0-fd > .kt-inside-inner-col:before{opacity:0.3;}.kadence-column992_96dce0-fd{position:relative;}@media all and (max-width: 1024px){.kt-row-column-wrap > .kadence-column992_96dce0-fd{align-self:center;}}@media all and (max-width: 1024px){.kt-inner-column-height-full:not(.kt-has-1-columns) > .wp-block-kadence-column.kadence-column992_96dce0-fd{align-self:auto;}}@media all and (max-width: 1024px){.kt-inner-column-height-full:not(.kt-has-1-columns) > .wp-block-kadence-column.kadence-column992_96dce0-fd > .kt-inside-inner-col{flex-direction:column;justify-content:center;}}@media all and (max-width: 1024px){.kadence-column992_96dce0-fd > .kt-inside-inner-col{flex-direction:column;justify-content:center;}}@media all and (max-width: 767px){.kt-row-column-wrap > .kadence-column992_96dce0-fd{align-self:center;}.kt-inner-column-height-full:not(.kt-has-1-columns) > .wp-block-kadence-column.kadence-column992_96dce0-fd{align-self:auto;}.kt-inner-column-height-full:not(.kt-has-1-columns) > .wp-block-kadence-column.kadence-column992_96dce0-fd > .kt-inside-inner-col{flex-direction:column;justify-content:center;}.kadence-column992_96dce0-fd > .kt-inside-inner-col{flex-direction:column;justify-content:center;}}<\/style>\n<div class=\"wp-block-kadence-column kadence-column992_96dce0-fd\"><div class=\"kt-inside-inner-col\">\n<h2 class=\"wp-block-heading has-text-align-left\">Ve\u013ekono\u010dn\u00e9 oma\u013eov\u00e1nky 2023<\/h2>\n\n\n\n<p>Ani sme sa nenazdali a je tu op\u00e4\u0165 Ve\u013ek\u00e1 noc! A to znamen\u00e1 viac \u010dasu str\u00e1ven\u00e9ho s rodinou, viac spolo\u010dn\u00fdch aktiv\u00edt s va\u0161imi ratoles\u0165ami. A \u010do tak osl\u00e1vi\u0165 sviatky jari kreat\u00edvne? Pripravila som pre v\u00e1s z\u00e1bavn\u00e9 a vesel\u00e9 oma\u013eov\u00e1nky s mot\u00edvom jari a Ve\u013ekej noci na farme. Spolu 8 mil\u00fdch ilustr\u00e1ci\u00ed, ktor\u00e9 v\u00e1m doma ur\u010dite spestria de\u0148. <\/p>\n\n\n\n<p>Jedin\u00e9, \u010do mus\u00edte urobi\u0165, je zada\u0165 svoju e-mailov\u00fa adresu do formul\u00e1ra ni\u017e\u0161ie a stiahnu\u0165 si oma\u013eov\u00e1nky do svojho po\u010d\u00edta\u010da, \u010di tabletu. Potom si ich jednoducho vytla\u010dte a pustite sa do spolo\u010dn\u00e9ho tvorenia! <\/p>\n\n\n\n<p>\u017del\u00e1m v\u00e1m kr\u00e1snu, tvoriv\u00fa a farebn\u00fa Ve\u013ek\u00fa noc! \ud83d\ude0a<\/p>\n\n\n\n<p class=\"has-theme-palette-6-color has-text-color\" style=\"font-size:13px\"><em>PS. Ak chce\u0161 vedie\u0165 o v\u0161etk\u00fdch novink\u00e1ch, freebies, nov\u00fdch kolekci\u00e1ch, s\u00fa\u0165a\u017eiach a z\u013eav\u00e1ch ako prv\u00e1, nezabudni za\u0161krtn\u00fa\u0165 pol\u00ed\u010dko &#8222;S\u00fahlas\u00edm aj so zasielan\u00edm noviniek&#8220;. Neboj, spamova\u0165 \u0165a ur\u010dite nebudem <\/em>\ud83d\ude09<\/p>\n<\/div><\/div>\n\n<\/div><\/div>\n\n<style>.kb-block-show-more-container992_ba1c53-80{margin-bottom:var(--global-kb-spacing-xs, 1rem);}.kb-block-show-more-container992_ba1c53-80 > .wp-block-kadence-advancedbtn{margin-top:1em;}.kb-block-show-more-container992_ba1c53-80 > .wp-block-kadence-advancedbtn .kt-btn-wrap:nth-child(2), .kb-block-show-more-container992_ba1c53-80 > .wp-block-kadence-advancedbtn .wp-block-kadence-singlebtn:nth-of-type(2){display:none;}.kb-block-show-more-container992_ba1c53-80 > .wp-block-kadence-column{max-height:0px;overflow-y:hidden;}.kb-block-show-more-container992_ba1c53-80.kb-smc-open > .wp-block-kadence-column{max-height:none;-webkit-mask-image:none;mask-image:none;overflow-y:unset;}.kb-block-show-more-container992_ba1c53-80.kb-smc-open > .wp-block-kadence-advancedbtn .kt-btn-wrap:nth-child(1), .kb-block-show-more-container992_ba1c53-80.kb-smc-open > .wp-block-kadence-advancedbtn .wp-block-kadence-singlebtn:nth-of-type(1){display:none;}.kb-block-show-more-container992_ba1c53-80.kb-smc-open > .wp-block-kadence-advancedbtn .kt-btn-wrap:nth-child(2), .kb-block-show-more-container992_ba1c53-80.kb-smc-open > .wp-block-kadence-advancedbtn .wp-block-kadence-singlebtn:nth-of-type(2){display:inline-flex;}.kb-block-show-more-container992_ba1c53-80.kb-smc-open > .wp-block-kadence-advancedbtn.kt-force-btn-fullwidth .kt-btn-wrap:nth-child(2){display:block;}<\/style>\n<div class=\"wp-block-kadence-show-more kb-block-show-more-container kb-block-show-more-container992_ba1c53-80\"><style>.kadence-column992_44259e-32 > .kt-inside-inner-col,.kadence-column992_44259e-32 > .kt-inside-inner-col:before{border-top-left-radius:0px;border-top-right-radius:0px;border-bottom-right-radius:0px;border-bottom-left-radius:0px;}.kadence-column992_44259e-32 > .kt-inside-inner-col{column-gap:var(--global-kb-gap-sm, 1rem);}.kadence-column992_44259e-32 > .kt-inside-inner-col{flex-direction:column;}.kadence-column992_44259e-32 > .kt-inside-inner-col > .aligncenter{width:100%;}.kadence-column992_44259e-32 > .kt-inside-inner-col:before{opacity:0.3;}.kadence-column992_44259e-32{position:relative;}@media all and (max-width: 1024px){.kadence-column992_44259e-32 > .kt-inside-inner-col{flex-direction:column;justify-content:center;}}@media all and (max-width: 767px){.kadence-column992_44259e-32 > .kt-inside-inner-col{flex-direction:column;justify-content:center;}}<\/style>\n<div class=\"wp-block-kadence-column kadence-column992_44259e-32 kb-show-more-content\"><div class=\"kt-inside-inner-col\">\n<p>Pre stiahnutie oma\u013eov\u00e1nok zadaj pros\u00edm do formul\u00e1ra svoje meno a e-mailov\u00fa adresu.<\/p>\n\n\n<style>.wp-block-kadence-form.kadence-form-992_ce6d85-50.kb-form-wrap{margin-right:var(--global-kb-spacing-xxs, 0.5rem);}.kadence-form-992_ce6d85-50 .kb-form .kadence-blocks-form-field .kb-forms-submit{margin-top:16px;margin-right:16px;margin-bottom:16px;margin-left:16px;}.kadence-form-992_ce6d85-50 .kb-form .kadence-blocks-form-field .kb-forms-submit{text-transform:none;}.kadence-form-992_ce6d85-50 .kadence-blocks-form-message, .kadence-form-992_ce6d85-50 .kb-form-error-msg{font-size:var(--global-kb-font-size-sm, 0.9rem);}.kb-form input.kadence-blocks-field.verify{opacity:0.0;position:absolute;top:0.0;left:0.0;width:0.0;height:0.0;z-index:-1;}<\/style>\n<div class=\"wp-block-kadence-form kadence-form-992_ce6d85-50 kb-form-wrap kb-form-align-center\"><form class=\"kb-form\" action=\"\" method=\"post\" data-error-message=\"Nespr\u00e1vny form\u00e1t \u00fadajov vo formul\u00e1ri :(\" data-trp-original-action=\"\"><div class=\"kadence-blocks-form-field kb-field-desk-width-40 kb-field-mobile-width-100 kb-input-size-small\"><label for=\"kb_field_992_ce6d85-50_0\">Name<span class=\"required\">*<\/span><\/label><input name=\"kb_field_0\" id=\"kb_field_992_ce6d85-50_0\" data-label=\"Meno\" type=\"text\" placeholder=\"\" value=\"\" data-type=\"text\" class=\"kb-field kb-text-style-field kb-text-field kb-field-0\" data-required=\"yes\" data-required-message=\"Tento \u00fadaj je povinn\u00fd.\"\/><\/div><div class=\"kadence-blocks-form-field kb-form-field-1 kb-field-desk-width-60 kb-field-mobile-width-100 kb-input-size-small\"><label for=\"kb_field_992_ce6d85-50_1\">E-mail<span class=\"required\">*<\/span><\/label><input name=\"kb_field_1\" id=\"kb_field_992_ce6d85-50_1\" data-label=\"Email\" type=\"email\" placeholder=\"\" value=\"\" data-type=\"email\" class=\"kb-field kb-text-style-field kb-email-field kb-field-1\" data-required=\"yes\" data-required-message=\"Tento \u00fadaj je povinn\u00fd.\" data-validation-message=\"Nespr\u00e1vny tvar emailovej adresy.\"\/><\/div><div class=\"kadence-blocks-form-field kb-form-field-2 kb-field-desk-width-100 kb-input-size-small kb-accept-form-field\"><input type=\"checkbox\" name=\"kb_field_2\" id=\"kb_field_992_ce6d85-50_2\" class=\"kb-field kb-checkbox-style kb-accept\" value=\"accept\" checked data-type=\"accept\"\/><label for=\"kb_field_992_ce6d85-50_2\">S\u00fahlas\u00edm aj so zasielan\u00edm noviniek a zaraden\u00edm mojej e-mailovej adresy do datab\u00e1zy kontaktov. Beriem na vedomie, \u017ee moja adresa sa bude vyu\u017e\u00edva\u0165 len na spolo\u010dn\u00fa komunik\u00e1ciu a z odberu newslettra sa m\u00f4\u017eem kedyko\u013evek odhl\u00e1si\u0165.<\/label><\/div><input type=\"hidden\" name=\"_kb_form_id\" value=\"992_ce6d85-50\"\/><input type=\"hidden\" name=\"_kb_form_post_id\" value=\"992\"\/><input type=\"hidden\" name=\"action\" value=\"kb_process_ajax_submit\"\/><input type=\"hidden\" name=\"recaptcha_response\" class=\"kb_recaptcha_response kb_recaptcha_992_ce6d85-50\"\/><label class=\"kadence-verify-label\">E-mail<input class=\"kadence-blocks-field verify\" type=\"text\" name=\"_kb_verify_email\" autocomplete=\"new-password\" aria-hidden=\"true\" placeholder=\"E-mail\" tabindex=\"-1\" data-1p-ignore=\"true\" data-lpignore=\"true\" \/><\/label><div class=\"kadence-blocks-form-field kb-submit-field kb-field-desk-width-100\"><button class=\"kb-forms-submit button kb-button-size-standard kb-button-width-auto\">Stiahnu\u0165 oma\u013eov\u00e1nky (PDF)<\/button><\/div><input type=\"hidden\" name=\"trp-form-language\" value=\"en\"\/><\/form><\/div>\n<noscript><div class=\"kadence-blocks-form-message kadence-blocks-form-warning\">Please enable JavaScript in your browser to submit the form<\/div><style>.kadence-form-992_ce6d85-50 .kadence-blocks-form-field.kb-submit-field { display: none; }<\/style><\/noscript><\/div><\/div>\n\n\n<style>.wp-block-kadence-advancedbtn.kb-btnsbutton-one-32{gap:var(--global-kb-gap-xs, 0.5rem );justify-content:center;align-items:center;}.kt-btnsbutton-one-32 .kt-button{font-weight:normal;font-style:normal;}.kt-btnsbutton-one-32 .kt-btn-wrap-0{margin-right:5px;}.wp-block-kadence-advancedbtn.kt-btnsbutton-one-32 .kt-btn-wrap-0 .kt-button{color:#555555;border-color:#555555;}.wp-block-kadence-advancedbtn.kt-btnsbutton-one-32 .kt-btn-wrap-0 .kt-button:hover, .wp-block-kadence-advancedbtn.kt-btnsbutton-one-32 .kt-btn-wrap-0 .kt-button:focus{color:#ffffff;border-color:#444444;}.wp-block-kadence-advancedbtn.kt-btnsbutton-one-32 .kt-btn-wrap-0 .kt-button::before{display:none;}.wp-block-kadence-advancedbtn.kt-btnsbutton-one-32 .kt-btn-wrap-0 .kt-button:hover, .wp-block-kadence-advancedbtn.kt-btnsbutton-one-32 .kt-btn-wrap-0 .kt-button:focus{background:#444444;}<\/style>\n<div class=\"wp-block-kadence-advancedbtn kb-buttons-wrap kb-btnsbutton-one-32 kb-show-more-buttons\"><style>ul.menu .wp-block-kadence-advancedbtn .kb-btn992_6f696c-a4.kb-button{width:initial;}<\/style><button class=\"kb-button kt-button button kb-btn992_6f696c-a4 kt-btn-size-standard kt-btn-width-type-auto kb-btn-global-inherit  kt-btn-has-text-true kt-btn-has-svg-false  wp-block-button__link wp-block-kadence-singlebtn\"><span class=\"kt-btn-inner-text\">Stiahnu\u0165 oma\u013eov\u00e1nky!<\/span><\/button>\n\n<style>ul.menu .wp-block-kadence-advancedbtn .kb-btn992_a6e305-56.kb-button{width:initial;}.wp-block-kadence-advancedbtn .kb-btn992_a6e305-56.kb-button{background:var(--global-palette7, #EDF2F7);}.kb-btn992_a6e305-56.kb-button .kb-svg-icon-wrap{font-size:1.6em;--kb-button-icon-size:1.6em;}.wp-block-kadence-advancedbtn .kb-btn992_a6e305-56.kb-button:hover, .wp-block-kadence-advancedbtn .kb-btn992_a6e305-56.kb-button:focus{background:var(--global-palette6, #718096);}.kb-btn992_a6e305-56.kb-button .kt-btn-inner-text{display:none;}<\/style><button class=\"kb-button kt-button button kb-btn992_a6e305-56 kt-btn-size-small kt-btn-width-type-full kb-btn-global-fill  kt-btn-has-text-false kt-btn-has-svg-true  wp-block-kadence-singlebtn\"><span class=\"kb-svg-icon-wrap kb-svg-icon-fe_chevronUp kt-btn-icon-side-right\"><svg viewbox=\"0 0 24 24\"  fill=\"none\" stroke=\"currentColor\" stroke-width=\"2\" stroke-linecap=\"round\" stroke-linejoin=\"round\" xmlns=\"http:\/\/www.w3.org\/2000\/svg\"  aria-hidden=\"true\"><polyline points=\"18 15 12 9 6 15\"\/><\/svg><\/span><\/button><\/div>\n<\/div>","protected":false},"excerpt":{"rendered":"<p>Ve\u013ekono\u010dn\u00e9 oma\u013eov\u00e1nky 2023 Ani sme sa nenazdali a je tu op\u00e4\u0165 Ve\u013ek\u00e1 noc! A to znamen\u00e1 viac \u010dasu str\u00e1ven\u00e9ho s rodinou, viac spolo\u010dn\u00fdch aktiv\u00edt s va\u0161imi ratoles\u0165ami. A \u010do tak osl\u00e1vi\u0165 sviatky jari kreat\u00edvne? Pripravila som pre v\u00e1s z\u00e1bavn\u00e9 a vesel\u00e9 oma\u013eov\u00e1nky s mot\u00edvom jari a Ve\u013ekej noci na farme. Spolu 8 mil\u00fdch ilustr\u00e1ci\u00ed, ktor\u00e9&#8230;<\/p>","protected":false},"author":1,"featured_media":2243,"parent":0,"menu_order":0,"comment_status":"closed","ping_status":"closed","template":"","meta":{"_kad_post_transparent":"","_kad_post_title":"","_kad_post_layout":"right","_kad_post_sidebar_id":"sidebar-primary","_kad_post_content_style":"boxed","_kad_post_vertical_padding":"default","_kad_post_feature":"show","_kad_post_feature_position":"","_kad_post_header":false,"_kad_post_footer":false,"_kad_post_classname":"","footnotes":""},"class_list":["post-992","page","type-page","status-publish","has-post-thumbnail","hentry"],"_links":{"self":[{"href":"https:\/\/www.mariakurty.com\/en\/wp-json\/wp\/v2\/pages\/992","targetHints":{"allow":["GET"]}}],"collection":[{"href":"https:\/\/www.mariakurty.com\/en\/wp-json\/wp\/v2\/pages"}],"about":[{"href":"https:\/\/www.mariakurty.com\/en\/wp-json\/wp\/v2\/types\/page"}],"author":[{"embeddable":true,"href":"https:\/\/www.mariakurty.com\/en\/wp-json\/wp\/v2\/users\/1"}],"replies":[{"embeddable":true,"href":"https:\/\/www.mariakurty.com\/en\/wp-json\/wp\/v2\/comments?post=992"}],"version-history":[{"count":7,"href":"https:\/\/www.mariakurty.com\/en\/wp-json\/wp\/v2\/pages\/992\/revisions"}],"predecessor-version":[{"id":3757,"href":"https:\/\/www.mariakurty.com\/en\/wp-json\/wp\/v2\/pages\/992\/revisions\/3757"}],"wp:featuredmedia":[{"embeddable":true,"href":"https:\/\/www.mariakurty.com\/en\/wp-json\/wp\/v2\/media\/2243"}],"wp:attachment":[{"href":"https:\/\/www.mariakurty.com\/en\/wp-json\/wp\/v2\/media?parent=992"}],"curies":[{"name":"wp","href":"https:\/\/api.w.org\/{rel}","templated":true}]}}