{"id":507,"date":"2022-11-12T01:43:48","date_gmt":"2022-11-12T00:43:48","guid":{"rendered":"https:\/\/www.mariakurty.com\/?page_id=507"},"modified":"2023-12-12T01:56:20","modified_gmt":"2023-12-12T00:56:20","slug":"o_mne","status":"publish","type":"page","link":"https:\/\/www.mariakurty.com\/en\/o_mne\/","title":{"rendered":"About me"},"content":{"rendered":"<style>.kb-row-layout-id507_251c8f-eb > .kt-row-column-wrap{align-content:start;}:where(.kb-row-layout-id507_251c8f-eb > .kt-row-column-wrap) > .wp-block-kadence-column{justify-content:start;}.kb-row-layout-id507_251c8f-eb > .kt-row-column-wrap{column-gap:var(--global-kb-gap-md, 2rem);row-gap:var(--global-kb-gap-md, 2rem);padding-top:0px;padding-bottom:var(--global-kb-spacing-sm, 1.5rem);grid-template-columns:minmax(0, 1fr);}.kb-row-layout-id507_251c8f-eb > .kt-row-layout-overlay{opacity:0.30;}@media all and (max-width: 1024px){.kb-row-layout-id507_251c8f-eb > .kt-row-column-wrap{grid-template-columns:minmax(0, 1fr);}}@media all and (max-width: 767px){.kb-row-layout-id507_251c8f-eb > .kt-row-column-wrap{grid-template-columns:minmax(0, 1fr);}}<\/style><div class=\"kb-row-layout-wrap kb-row-layout-id507_251c8f-eb alignnone wp-block-kadence-rowlayout\"><div class=\"kt-row-column-wrap kt-has-1-columns kt-row-layout-equal kt-tab-layout-inherit kt-mobile-layout-row kt-row-valign-top\">\n<style>.kadence-column507_14bacc-87 > .kt-inside-inner-col,.kadence-column507_14bacc-87 > .kt-inside-inner-col:before{border-top-left-radius:0px;border-top-right-radius:0px;border-bottom-right-radius:0px;border-bottom-left-radius:0px;}.kadence-column507_14bacc-87 > .kt-inside-inner-col{column-gap:var(--global-kb-gap-sm, 1rem);}.kadence-column507_14bacc-87 > .kt-inside-inner-col{flex-direction:column;}.kadence-column507_14bacc-87 > .kt-inside-inner-col > .aligncenter{width:100%;}.kadence-column507_14bacc-87 > .kt-inside-inner-col:before{opacity:0.3;}.kadence-column507_14bacc-87{position:relative;}@media all and (max-width: 1024px){.kadence-column507_14bacc-87 > .kt-inside-inner-col{flex-direction:column;justify-content:center;}}@media all and (max-width: 767px){.kadence-column507_14bacc-87 > .kt-inside-inner-col{flex-direction:column;justify-content:center;}}<\/style>\n<div class=\"wp-block-kadence-column kadence-column507_14bacc-87\"><div class=\"kt-inside-inner-col\"><style>.wp-block-kadence-advancedheading.kt-adv-heading507_01a772-6c, .wp-block-kadence-advancedheading.kt-adv-heading507_01a772-6c[data-kb-block=\"kb-adv-heading507_01a772-6c\"]{text-align:center;font-style:normal;}.wp-block-kadence-advancedheading.kt-adv-heading507_01a772-6c mark.kt-highlight, .wp-block-kadence-advancedheading.kt-adv-heading507_01a772-6c[data-kb-block=\"kb-adv-heading507_01a772-6c\"] mark.kt-highlight{font-style:normal;color:#f76a0c;-webkit-box-decoration-break:clone;box-decoration-break:clone;padding-top:0px;padding-right:0px;padding-bottom:0px;padding-left:0px;}<\/style>\n<h1 class=\"kt-adv-heading507_01a772-6c wp-block-kadence-advancedheading\" data-kb-block=\"kb-adv-heading507_01a772-6c\">Welcome to my world!<\/h1>\n<\/div><\/div>\n\n\n<style>.kadence-column507_601b31-32 > .kt-inside-inner-col,.kadence-column507_601b31-32 > .kt-inside-inner-col:before{border-top-left-radius:0px;border-top-right-radius:0px;border-bottom-right-radius:0px;border-bottom-left-radius:0px;}.kadence-column507_601b31-32 > .kt-inside-inner-col{column-gap:var(--global-kb-gap-sm, 1rem);}.kadence-column507_601b31-32 > .kt-inside-inner-col{flex-direction:column;}.kadence-column507_601b31-32 > .kt-inside-inner-col > .aligncenter{width:100%;}.kadence-column507_601b31-32 > .kt-inside-inner-col:before{opacity:0.3;}.kadence-column507_601b31-32{position:relative;}@media all and (max-width: 1024px){.kadence-column507_601b31-32 > .kt-inside-inner-col{flex-direction:column;justify-content:center;}}@media all and (max-width: 767px){.kadence-column507_601b31-32 > .kt-inside-inner-col{flex-direction:column;justify-content:center;}}<\/style>\n<div class=\"wp-block-kadence-column kadence-column507_601b31-32 inner-column-1\"><div class=\"kt-inside-inner-col\"><style>.wp-block-kadence-image.kb-image507_b146fc-88:not(.kb-specificity-added):not(.kb-extra-specificity-added) > figure{margin-top:var(--global-kb-spacing-md, 2rem);}.kb-image507_b146fc-88.kb-image-is-ratio-size, .kb-image507_b146fc-88 .kb-image-is-ratio-size{max-width:360px;width:100%;}.wp-block-kadence-column > .kt-inside-inner-col > .kb-image507_b146fc-88.kb-image-is-ratio-size, .wp-block-kadence-column > .kt-inside-inner-col > .kb-image507_b146fc-88 .kb-image-is-ratio-size{align-self:unset;}.kb-image507_b146fc-88 figure{max-width:360px;}.kb-image507_b146fc-88 .image-is-svg, .kb-image507_b146fc-88 .image-is-svg img{width:100%;}.kb-image507_b146fc-88 .kb-image-has-overlay:after{opacity:0.3;}@media all and (max-width: 767px){.wp-block-kadence-image.kb-image507_b146fc-88:not(.kb-specificity-added):not(.kb-extra-specificity-added) > figure{margin-top:0px;}}<\/style>\n<div class=\"wp-block-kadence-image kb-image507_b146fc-88\"><figure class=\"alignleft size-large kb-image-is-ratio-size\"><div class=\"kb-is-ratio-image kb-image-ratio-port34\"><img loading=\"lazy\" decoding=\"async\" width=\"768\" height=\"1024\" src=\"https:\/\/www.mariakurty.com\/wp-content\/uploads\/2022\/11\/Brand-Photoshoot-266_orezane-768x1024.jpg\" alt=\"\" class=\"kb-img wp-image-238\" srcset=\"https:\/\/www.mariakurty.com\/wp-content\/uploads\/2022\/11\/Brand-Photoshoot-266_orezane-768x1024.jpg 768w, https:\/\/www.mariakurty.com\/wp-content\/uploads\/2022\/11\/Brand-Photoshoot-266_orezane-scaled-600x800.jpg 600w, https:\/\/www.mariakurty.com\/wp-content\/uploads\/2022\/11\/Brand-Photoshoot-266_orezane-225x300.jpg 225w, https:\/\/www.mariakurty.com\/wp-content\/uploads\/2022\/11\/Brand-Photoshoot-266_orezane-1152x1536.jpg 1152w, https:\/\/www.mariakurty.com\/wp-content\/uploads\/2022\/11\/Brand-Photoshoot-266_orezane-1536x2048.jpg 1536w, https:\/\/www.mariakurty.com\/wp-content\/uploads\/2022\/11\/Brand-Photoshoot-266_orezane-750x1000.jpg 750w, https:\/\/www.mariakurty.com\/wp-content\/uploads\/2022\/11\/Brand-Photoshoot-266_orezane-scaled.jpg 1920w\" sizes=\"auto, (max-width: 768px) 100vw, 768px\" \/><\/div><\/figure><\/div>\n\n\n<style>.wp-block-kadence-advancedheading.kt-adv-heading507_10620a-95, .wp-block-kadence-advancedheading.kt-adv-heading507_10620a-95[data-kb-block=\"kb-adv-heading507_10620a-95\"]{font-style:normal;}.wp-block-kadence-advancedheading.kt-adv-heading507_10620a-95 mark.kt-highlight, .wp-block-kadence-advancedheading.kt-adv-heading507_10620a-95[data-kb-block=\"kb-adv-heading507_10620a-95\"] mark.kt-highlight{font-style:normal;color:#f76a0c;-webkit-box-decoration-break:clone;box-decoration-break:clone;padding-top:0px;padding-right:0px;padding-bottom:0px;padding-left:0px;}<\/style>\n<h4 class=\"kt-adv-heading507_10620a-95 wp-block-kadence-advancedheading\" data-kb-block=\"kb-adv-heading507_10620a-95\">\"I am absolutely fascinated by the creative process, during which something beautiful and unique is created from nothing. I love the endless possibilities that creation offers.\"<\/h4>\n\n\n\n<p><\/p>\n\n\n\n<p>My name is Maria Kurty and I am a self-taught surface pattern designer located in a small Europian country - Slovakia, where I live with my husband and little daughter. Through my artwork I\u2019d like to make the world a nicer and more beautiful place.<\/p>\n\n\n\n<p>Since I was a child, I like to create and try new techniques. I am absolutely fascinated by the creative process, during which something beautiful and unique is created from nothing. \nI studied landscape architecture, but I have been working on digital illustrations and surface pattern design for several years. I love the endless possibilities that creation offers.<\/p>\n\n\n\n<p>In my work, I combine traditional art techniques with digital ones. I look for inspiration mainly in nature and children's world. I prefer to create floral and abstract - geometric patterns for children and adults, especially women. My style is playful, I like minimalism, organic lines and warm colors. I mainly specialize in vector repeatable patterns, occasionally draw also illustrations and use the raster program Procreate.<\/p>\n\n\n\n<p>I have collaborated with equally creative women, owners of successful Slovak brands. I consider the launch of my first own fabric collection \"Swan Princess\" in cooperation with the Slovakian Needles printer in Bansk\u00e1 Bystrica to be one of my greatest achievements.<\/p>\n\n\n\n<p>In 2021, I founded the brand <a href=\"https:\/\/www.maromaro.sk\/\" target=\"_blank\" rel=\"noreferrer noopener\">MAROMARO<\/a> with picnic blankets and other accessories for outdoor dining. My friend and I are working on publishing our own book for children.<\/p>\n\n\n\n<p>If I am not creating, designing or painting, I do yoga, I enjoy cooking healthy meals and I spend my time with family - with my husband and little daughter. I spend a part of my year in Croatia, which I consider my second home.<\/p>\n\n\n\n<p>I believe that my designs will please your eye, warm your heart and put a smile on your face \ud83d\ude42 <\/p>\n\n\n\n<p>If you like my style and would be interested in cooperation, please contact me via <a href=\"https:\/\/www.mariakurty.com\/en\/kontakt\/\" data-type=\"page\" data-id=\"107\">this contact form<\/a>.<\/p>\n\n\n\n<p>Let's create something beautiful together!<\/p>\n<\/div><\/div>\n\n<\/div><\/div>","protected":false},"excerpt":{"rendered":"<p>Vitajte v mojom svete! \u201eFascinuje ma kreat\u00edvny proces, pri ktorom z ni\u010doho vznikne nie\u010do kr\u00e1sne a jedine\u010dn\u00e9. Milujem nekone\u010dn\u00e9 mo\u017enosti, ktor\u00e9 tvorenie pon\u00faka.\u201c Vol\u00e1m sa M\u00e1ria Kurtyov\u00e1 a pokojne ma m\u00f4\u017eete vola\u0165 Majka. Vy\u0161tudovala som z\u00e1hradn\u00fa architekt\u00faru, no u\u017e nieko\u013eko rokov sa venujem digit\u00e1lnej ilustr\u00e1cii a surface pattern dizajnu. Od mali\u010dka rada tvor\u00edm, sk\u00fa\u0161am nov\u00e9&#8230;<\/p>","protected":false},"author":1,"featured_media":0,"parent":0,"menu_order":0,"comment_status":"closed","ping_status":"closed","template":"","meta":{"_kad_post_transparent":"","_kad_post_title":"","_kad_post_layout":"right","_kad_post_sidebar_id":"","_kad_post_content_style":"boxed","_kad_post_vertical_padding":"show","_kad_post_feature":"show","_kad_post_feature_position":"behind","_kad_post_header":false,"_kad_post_footer":false,"_kad_post_classname":"","footnotes":""},"class_list":["post-507","page","type-page","status-publish","hentry"],"_links":{"self":[{"href":"https:\/\/www.mariakurty.com\/en\/wp-json\/wp\/v2\/pages\/507","targetHints":{"allow":["GET"]}}],"collection":[{"href":"https:\/\/www.mariakurty.com\/en\/wp-json\/wp\/v2\/pages"}],"about":[{"href":"https:\/\/www.mariakurty.com\/en\/wp-json\/wp\/v2\/types\/page"}],"author":[{"embeddable":true,"href":"https:\/\/www.mariakurty.com\/en\/wp-json\/wp\/v2\/users\/1"}],"replies":[{"embeddable":true,"href":"https:\/\/www.mariakurty.com\/en\/wp-json\/wp\/v2\/comments?post=507"}],"version-history":[{"count":5,"href":"https:\/\/www.mariakurty.com\/en\/wp-json\/wp\/v2\/pages\/507\/revisions"}],"predecessor-version":[{"id":3557,"href":"https:\/\/www.mariakurty.com\/en\/wp-json\/wp\/v2\/pages\/507\/revisions\/3557"}],"wp:attachment":[{"href":"https:\/\/www.mariakurty.com\/en\/wp-json\/wp\/v2\/media?parent=507"}],"curies":[{"name":"wp","href":"https:\/\/api.w.org\/{rel}","templated":true}]}}