{"id":4230,"date":"2025-09-19T08:54:09","date_gmt":"2025-09-19T06:54:09","guid":{"rendered":"https:\/\/www.mariakurty.com\/?page_id=4230"},"modified":"2025-09-19T11:17:17","modified_gmt":"2025-09-19T09:17:17","slug":"zaujem-o-online-stretnutia","status":"publish","type":"page","link":"https:\/\/www.mariakurty.com\/en\/zaujem-o-online-stretnutia\/","title":{"rendered":"Zaujem o online stretnutia"},"content":{"rendered":"<style>.wp-block-kadence-advancedheading.kt-adv-heading4230_402f7c-80, .wp-block-kadence-advancedheading.kt-adv-heading4230_402f7c-80[data-kb-block=\"kb-adv-heading4230_402f7c-80\"]{font-style:normal;}.wp-block-kadence-advancedheading.kt-adv-heading4230_402f7c-80 mark.kt-highlight, .wp-block-kadence-advancedheading.kt-adv-heading4230_402f7c-80[data-kb-block=\"kb-adv-heading4230_402f7c-80\"] mark.kt-highlight{font-style:normal;color:#f76a0c;-webkit-box-decoration-break:clone;box-decoration-break:clone;padding-top:0px;padding-right:0px;padding-bottom:0px;padding-left:0px;}<\/style>\n<h2 class=\"kt-adv-heading4230_402f7c-80 wp-block-kadence-advancedheading\" data-kb-block=\"kb-adv-heading4230_402f7c-80\">Te\u0161\u00edm sa, \u017ee sa k n\u00e1m chce\u0161 prida\u0165 na online stretnutiach!<\/h2>\n\n\n<style>.wp-block-kadence-spacer.kt-block-spacer-4230_a5be8e-d2 .kt-block-spacer{height:20px;}.wp-block-kadence-spacer.kt-block-spacer-4230_a5be8e-d2 .kt-divider{border-top-width:1px;height:1px;border-top-color:#eee;width:80%;border-top-style:solid;}<\/style>\n<div class=\"wp-block-kadence-spacer aligncenter kt-block-spacer-4230_a5be8e-d2\"><div class=\"kt-block-spacer kt-block-spacer-halign-center\"><\/div><\/div>\n\n\n\n<p>Online stretnutia bud\u00fa 3 \u2013 v okt\u00f3bri, novembri a decembri \u2013 ako tak\u00fd n\u00e1\u0161 predviano\u010dn\u00fd dar\u010dek. \ud83d\udd6f\ufe0f\u2728<\/p>\n\n\n\n<p>Stretneme sa raz do mesiaca cez platformu Google meet (odkaz na pripojenie ti po\u0161lem v\u017edy v predstihu), zozn\u00e1mime sa, podel\u00edme o svoje sk\u00fasenosti a veci, ktor\u00e9 n\u00e1s tr\u00e1pia alebo te\u0161ia, a samozrejme, m\u00f4\u017ee\u0161 sa ma op\u00fdta\u0165 \u010doko\u013evek v s\u00favislosti s ilustr\u00e1ciou a kreat\u00edvnym podnikan\u00edm.<\/p>\n\n\n\n<p>Stretnutia nebud\u00fa nahr\u00e1van\u00e9, tak\u017ee v\u0161etko, \u010do sa udeje v tomto kruhu, ost\u00e1va len medzi nami.<\/p>\n\n\n\n<p>Predbe\u017en\u00e9 d\u00e1tumy:<br>OKT\u00d3BER &#8211; 8.10. alebo 9.10.<br>NOVEMBER &#8211; 12.11. alebo 13.11.<br>DECEMEBR &#8211; 10.12. alebo 11.12.<\/p>\n\n\n\n<p><strong>Za\u010d\u00edna\u0165 budeme o 19:00, d\u013a\u017eka stretnutia 60 min\u00fat.<\/strong><\/p>\n\n\n\n<p>Do formul\u00e1ra pros\u00edm nap\u00ed\u0161 svoju e-mailov\u00fa adresu, meno a za\u0161krtni, \u010di ti viac vyhovuje <strong>streda, \u0161tvrtok alebo oboje<\/strong>. Pod\u013ea toho sa rozhodnem, ktor\u00fd de\u0148 v t\u00fd\u017edni vyberiem a stretnutia bud\u00fa V\u017dDY v ten de\u0148. <\/p>\n\n\n\n<p>Te\u0161\u00edm sa na teba \ud83d\ude42<\/p>\n\n\n<style>.wp-block-kadence-spacer.kt-block-spacer-4230_d77c7c-41 .kt-block-spacer{height:60px;}.wp-block-kadence-spacer.kt-block-spacer-4230_d77c7c-41 .kt-divider{border-top-width:1px;height:1px;border-top-color:#eee;width:100%;border-top-style:solid;}<\/style>\n<div class=\"wp-block-kadence-spacer aligncenter kt-block-spacer-4230_d77c7c-41\"><div class=\"kt-block-spacer kt-block-spacer-halign-center\"><hr class=\"kt-divider\"\/><\/div><\/div>\n\n\n<style>.kadence-form-4230_8ea574-eb .kb-form .kadence-blocks-form-field .kb-forms-submit{margin-top:20px;}.kb-form input.kadence-blocks-field.verify{opacity:0.0;position:absolute;top:0.0;left:0.0;width:0.0;height:0.0;z-index:-1;}<\/style>\n<div class=\"wp-block-kadence-form kadence-form-4230_8ea574-eb kb-form-wrap\"><form class=\"kb-form\" action=\"\" method=\"post\" data-error-message=\"Pros\u00edm, oprav v\u0161etky chyby vo formul\u00e1ri pred odoslan\u00edm\" data-trp-original-action=\"\"><div class=\"kadence-blocks-form-field kb-field-desk-width-75 kb-input-size-standard\"><label for=\"kb_field_4230_8ea574-eb_0\">Name<span class=\"required\">*<\/span><\/label><input name=\"kb_field_0\" id=\"kb_field_4230_8ea574-eb_0\" data-label=\"Meno\" type=\"text\" placeholder=\"\" value=\"\" data-type=\"text\" class=\"kb-field kb-text-style-field kb-text-field kb-field-0\" data-required=\"yes\" data-required-message=\"Meno je povinn\u00fd \u00fadaj\"\/><\/div><div class=\"kadence-blocks-form-field kb-form-field-1 kb-field-desk-width-75 kb-input-size-standard\"><label for=\"kb_field_4230_8ea574-eb_1\">E-mail<span class=\"required\">*<\/span><\/label><input name=\"kb_field_1\" id=\"kb_field_4230_8ea574-eb_1\" data-label=\"Email\" type=\"email\" placeholder=\"\" value=\"\" data-type=\"email\" class=\"kb-field kb-text-style-field kb-email-field kb-field-1\" data-required=\"yes\" data-required-message=\"Email je povinn\u00fd \u00fadaj\" data-validation-message=\"Email je nespr\u00e1vny\"\/><\/div><div class=\"kadence-blocks-form-field kb-form-field-2 kb-field-desk-width-100 kb-input-size-standard\"><label for=\"kb_field_4230_8ea574-eb_2\">Viac mi vyhovuje<span class=\"required\">*<\/span><\/label><div data-type=\"radio\" data-label=\"Viac mi vyhovuje\" id=\"kb_field_4230_8ea574-eb_2\" class=\"kb-field kb-radio-style-field kb-radio-field kb-field-2 kb-radio-style-normal\" data-required=\"yes\" data-required-message=\"Pros\u00edm, vyber jednu mo\u017enos\u0165\"><div data-type=\"radio\" class=\"kb-radio-item kb-radio-item-0\"><input type=\"radio\" name=\"kb_field_2[]\" id=\"kb_field_2_0\" class=\"kb-sub-field kb-radio-style\" value=\"streda\"\/><label for=\"kb_field_2_0\">streda<\/label><\/div><div data-type=\"radio\" class=\"kb-radio-item kb-radio-item-1\"><input type=\"radio\" name=\"kb_field_2[]\" id=\"kb_field_2_1\" class=\"kb-sub-field kb-radio-style\" value=\"\u0161tvrtok\"\/><label for=\"kb_field_2_1\">\u0161tvrtok<\/label><\/div><div data-type=\"radio\" class=\"kb-radio-item kb-radio-item-2\"><input type=\"radio\" name=\"kb_field_2[]\" id=\"kb_field_2_2\" class=\"kb-sub-field kb-radio-style\" value=\"oboje\"\/><label for=\"kb_field_2_2\">oboje<\/label><\/div><\/div><\/div><input type=\"hidden\" name=\"_kb_form_id\" value=\"4230_8ea574-eb\"\/><input type=\"hidden\" name=\"_kb_form_post_id\" value=\"4230\"\/><input type=\"hidden\" name=\"action\" value=\"kb_process_ajax_submit\"\/><input type=\"hidden\" name=\"recaptcha_response\" class=\"kb_recaptcha_response kb_recaptcha_4230_8ea574-eb\"\/><label class=\"kadence-verify-label\">E-mail<input class=\"kadence-blocks-field verify\" type=\"text\" name=\"_kb_verify_email\" autocomplete=\"new-password\" aria-hidden=\"true\" placeholder=\"E-mail\" tabindex=\"-1\" data-1p-ignore=\"true\" data-lpignore=\"true\" \/><\/label><div class=\"kadence-blocks-form-field kb-submit-field kb-field-desk-width-100\"><button class=\"kb-forms-submit button kb-button-size-standard kb-button-width-auto\">Potvrdi\u0165<\/button><\/div><input type=\"hidden\" name=\"trp-form-language\" value=\"en\"\/><\/form><\/div>\n<noscript><div class=\"kadence-blocks-form-message kadence-blocks-form-warning\">Please enable JavaScript in your browser to submit the form<\/div><style>.kadence-form-4230_8ea574-eb .kadence-blocks-form-field.kb-submit-field { display: none; }<\/style><\/noscript>","protected":false},"excerpt":{"rendered":"<p>Te\u0161\u00edm sa, \u017ee sa k n\u00e1m chce\u0161 prida\u0165 na online stretnutiach! Online stretnutia bud\u00fa 3 \u2013 v okt\u00f3bri, novembri a decembri \u2013 ako tak\u00fd n\u00e1\u0161 predviano\u010dn\u00fd dar\u010dek. \ud83d\udd6f\ufe0f\u2728 Stretneme sa raz do mesiaca cez platformu Google meet (odkaz na pripojenie ti po\u0161lem v\u017edy v predstihu), zozn\u00e1mime sa, podel\u00edme o svoje sk\u00fasenosti a veci, ktor\u00e9 n\u00e1s&#8230;<\/p>","protected":false},"author":1,"featured_media":0,"parent":0,"menu_order":0,"comment_status":"closed","ping_status":"closed","template":"","meta":{"_kad_post_transparent":"","_kad_post_title":"","_kad_post_layout":"narrow","_kad_post_sidebar_id":"","_kad_post_content_style":"","_kad_post_vertical_padding":"","_kad_post_feature":"","_kad_post_feature_position":"","_kad_post_header":false,"_kad_post_footer":false,"_kad_post_classname":"","footnotes":""},"class_list":["post-4230","page","type-page","status-publish","hentry"],"_links":{"self":[{"href":"https:\/\/www.mariakurty.com\/en\/wp-json\/wp\/v2\/pages\/4230","targetHints":{"allow":["GET"]}}],"collection":[{"href":"https:\/\/www.mariakurty.com\/en\/wp-json\/wp\/v2\/pages"}],"about":[{"href":"https:\/\/www.mariakurty.com\/en\/wp-json\/wp\/v2\/types\/page"}],"author":[{"embeddable":true,"href":"https:\/\/www.mariakurty.com\/en\/wp-json\/wp\/v2\/users\/1"}],"replies":[{"embeddable":true,"href":"https:\/\/www.mariakurty.com\/en\/wp-json\/wp\/v2\/comments?post=4230"}],"version-history":[{"count":6,"href":"https:\/\/www.mariakurty.com\/en\/wp-json\/wp\/v2\/pages\/4230\/revisions"}],"predecessor-version":[{"id":4264,"href":"https:\/\/www.mariakurty.com\/en\/wp-json\/wp\/v2\/pages\/4230\/revisions\/4264"}],"wp:attachment":[{"href":"https:\/\/www.mariakurty.com\/en\/wp-json\/wp\/v2\/media?parent=4230"}],"curies":[{"name":"wp","href":"https:\/\/api.w.org\/{rel}","templated":true}]}}