{"id":3689,"date":"2023-12-22T16:47:49","date_gmt":"2023-12-22T15:47:49","guid":{"rendered":"https:\/\/www.mariakurty.com\/?page_id=3689"},"modified":"2023-12-22T19:57:32","modified_gmt":"2023-12-22T18:57:32","slug":"zadarmo-vianocne-omalovanky-2023","status":"publish","type":"page","link":"https:\/\/www.mariakurty.com\/en\/zadarmo-vianocne-omalovanky-2023\/","title":{"rendered":"ZADARMO Viano\u010dn\u00e9 oma\u013eov\u00e1nky 2023"},"content":{"rendered":"<style>.kb-row-layout-id3689_fb0ee7-3f > .kt-row-column-wrap{align-content:start;}:where(.kb-row-layout-id3689_fb0ee7-3f > .kt-row-column-wrap) > .wp-block-kadence-column{justify-content:start;}.kb-row-layout-id3689_fb0ee7-3f > .kt-row-column-wrap{column-gap:var(--global-kb-gap-md, 2rem);row-gap:var(--global-kb-gap-md, 2rem);padding-top:var(--global-kb-spacing-sm, 1.5rem);padding-bottom:var(--global-kb-spacing-sm, 1.5rem);grid-template-columns:minmax(0, 1fr) minmax(0, 2fr);}.kb-row-layout-id3689_fb0ee7-3f > .kt-row-layout-overlay{opacity:0.30;}@media all and (max-width: 1024px){.kb-row-layout-id3689_fb0ee7-3f > .kt-row-column-wrap{grid-template-columns:minmax(0, 1fr) minmax(0, 2fr);}}@media all and (max-width: 767px){.kb-row-layout-id3689_fb0ee7-3f > .kt-row-column-wrap{grid-template-columns:minmax(0, 1fr);}}<\/style><div class=\"kb-row-layout-wrap kb-row-layout-id3689_fb0ee7-3f alignnone wp-block-kadence-rowlayout\"><div class=\"kt-row-column-wrap kt-has-2-columns kt-row-layout-right-golden kt-tab-layout-inherit kt-mobile-layout-row kt-row-valign-top\">\n<style>.kadence-column3689_8c8eb3-f8 > .kt-inside-inner-col{min-height:500px;}.kadence-column3689_8c8eb3-f8 > .kt-inside-inner-col,.kadence-column3689_8c8eb3-f8 > .kt-inside-inner-col:before{border-top-left-radius:3px;border-top-right-radius:3px;border-bottom-right-radius:3px;border-bottom-left-radius:3px;}.kadence-column3689_8c8eb3-f8 > .kt-inside-inner-col{column-gap:var(--global-kb-gap-sm, 1rem);}.kadence-column3689_8c8eb3-f8 > .kt-inside-inner-col{flex-direction:column;}.kadence-column3689_8c8eb3-f8 > .kt-inside-inner-col > .aligncenter{width:100%;}.kadence-column3689_8c8eb3-f8 > .kt-inside-inner-col{background-image:url('https:\/\/www.mariakurty.com\/wp-content\/uploads\/2023\/12\/IMG_4417-scaled.jpg');background-size:cover;background-position:0% 59%;background-attachment:scroll;background-repeat:no-repeat;}.kadence-column3689_8c8eb3-f8 > .kt-inside-inner-col:before{opacity:0.3;}.kadence-column3689_8c8eb3-f8{position:relative;}@media all and (max-width: 1024px){.kadence-column3689_8c8eb3-f8 > .kt-inside-inner-col{flex-direction:column;justify-content:center;}}@media all and (max-width: 767px){.kadence-column3689_8c8eb3-f8 > .kt-inside-inner-col{min-height:360px;flex-direction:column;justify-content:center;}}<\/style>\n<div class=\"wp-block-kadence-column kadence-column3689_8c8eb3-f8\"><div class=\"kt-inside-inner-col\"><\/div><\/div>\n\n\n<style>.kadence-column3689_f136c6-44 > .kt-inside-inner-col{display:flex;}.kadence-column3689_f136c6-44 > .kt-inside-inner-col,.kadence-column3689_f136c6-44 > .kt-inside-inner-col:before{border-top-left-radius:0px;border-top-right-radius:0px;border-bottom-right-radius:0px;border-bottom-left-radius:0px;}.kadence-column3689_f136c6-44 > .kt-inside-inner-col{column-gap:var(--global-kb-gap-sm, 1rem);}.kadence-column3689_f136c6-44 > .kt-inside-inner-col{flex-direction:column;justify-content:center;}.kadence-column3689_f136c6-44 > .kt-inside-inner-col > .aligncenter{width:100%;}.kt-row-column-wrap > .kadence-column3689_f136c6-44{align-self:center;}.kt-inner-column-height-full:not(.kt-has-1-columns) > .wp-block-kadence-column.kadence-column3689_f136c6-44{align-self:auto;}.kt-inner-column-height-full:not(.kt-has-1-columns) > .wp-block-kadence-column.kadence-column3689_f136c6-44 > .kt-inside-inner-col{flex-direction:column;justify-content:center;}.kadence-column3689_f136c6-44 > .kt-inside-inner-col:before{opacity:0.3;}.kadence-column3689_f136c6-44{position:relative;}@media all and (max-width: 1024px){.kt-row-column-wrap > .kadence-column3689_f136c6-44{align-self:center;}}@media all and (max-width: 1024px){.kt-inner-column-height-full:not(.kt-has-1-columns) > .wp-block-kadence-column.kadence-column3689_f136c6-44{align-self:auto;}}@media all and (max-width: 1024px){.kt-inner-column-height-full:not(.kt-has-1-columns) > .wp-block-kadence-column.kadence-column3689_f136c6-44 > .kt-inside-inner-col{flex-direction:column;justify-content:center;}}@media all and (max-width: 1024px){.kadence-column3689_f136c6-44 > .kt-inside-inner-col{flex-direction:column;justify-content:center;}}@media all and (max-width: 767px){.kt-row-column-wrap > .kadence-column3689_f136c6-44{align-self:center;}.kt-inner-column-height-full:not(.kt-has-1-columns) > .wp-block-kadence-column.kadence-column3689_f136c6-44{align-self:auto;}.kt-inner-column-height-full:not(.kt-has-1-columns) > .wp-block-kadence-column.kadence-column3689_f136c6-44 > .kt-inside-inner-col{flex-direction:column;justify-content:center;}.kadence-column3689_f136c6-44 > .kt-inside-inner-col{flex-direction:column;justify-content:center;}}<\/style>\n<div class=\"wp-block-kadence-column kadence-column3689_f136c6-44\"><div class=\"kt-inside-inner-col\">\n<h2 class=\"wp-block-heading has-text-align-left\">Viano\u010dn\u00e9 oma\u013eov\u00e1nky 2023<\/h2>\n\n\n\n<p>Op\u00e4\u0165 je tu ten magick\u00fd \u010das z\u00e1zrakov, kedy na chv\u00ed\u013eu spomal\u00edme (aspo\u0148 by sme teda mali, lebo po celom roku si trochu oddychu naozaj zasl\u00fa\u017eime). Tr\u00e1vime viac \u010dasu s rodinou, m\u00e1me viac \u010dasu venova\u0165 sa de\u0165om. Ak m\u00e1\u0161 doma mal\u00e9ho umelca\/umelcov, alebo ty \u010di tvoje ratolesti radi kresl\u00edte a vyfarbujete, m\u00e1m pre teba mal\u00fd viano\u010dn\u00fd dar\u010dek. <\/p>\n\n\n\n<p>U\u017e po tret\u00edkr\u00e1t som si pre v\u00e1s pripravila vesel\u00e9 oma\u013eov\u00e1nky s obr\u00e1zkami spojen\u00fdmi so zimou a Vianocami. Spolu 10 mil\u00fdch ilustr\u00e1ci\u00ed, ktor\u00e9 v\u00e1m doma ur\u010dite spestria de\u0148. <\/p>\n\n\n\n<p>Jedin\u00e9, \u010do mus\u00ed\u0161 urobi\u0165, je zada\u0165 svoju e-mailov\u00fa adresu do formul\u00e1ra ni\u017e\u0161ie a stiahnu\u0165 si oma\u013eov\u00e1nky do svojho po\u010d\u00edta\u010da, \u010di tabletu. Potom si ich jednoducho vytla\u010d (obal nemus\u00ed\u0161, strany, ktor\u00e9 chce\u0161 sa daj\u00fa vybra\u0165 pri tla\u010di) a m\u00f4\u017eete sa pusti\u0165 do spolo\u010dn\u00e9ho tvorenia! <\/p>\n\n\n\n<p>\u017del\u00e1m ti kr\u00e1sne, \u0161\u0165astn\u00e9, vesel\u00e9 a najm\u00e4 pokojn\u00e9 Vianoce pln\u00e9 l\u00e1sky a pohody, v kruhu t\u00fdch, na ktor\u00fdch z\u00e1le\u017e\u00ed! <\/p>\n<\/div><\/div>\n\n<\/div><\/div>\n\n<style>.kb-row-layout-id3689_51b904-30 > .kt-row-column-wrap{align-content:start;}:where(.kb-row-layout-id3689_51b904-30 > .kt-row-column-wrap) > .wp-block-kadence-column{justify-content:start;}.kb-row-layout-id3689_51b904-30 > .kt-row-column-wrap{column-gap:var(--global-kb-gap-md, 2rem);row-gap:var(--global-kb-gap-md, 2rem);padding-top:var(--global-kb-spacing-sm, 1.5rem);padding-bottom:var(--global-kb-spacing-sm, 1.5rem);grid-template-columns:minmax(0, 1fr);}.kb-row-layout-id3689_51b904-30 > .kt-row-layout-overlay{opacity:0.30;}@media all and (max-width: 1024px){.kb-row-layout-id3689_51b904-30 > .kt-row-column-wrap{grid-template-columns:minmax(0, 1fr);}}@media all and (max-width: 767px){.kb-row-layout-id3689_51b904-30 > .kt-row-column-wrap{grid-template-columns:minmax(0, 1fr);}}<\/style><div class=\"kb-row-layout-wrap kb-row-layout-id3689_51b904-30 alignnone wp-block-kadence-rowlayout\"><div class=\"kt-row-column-wrap kt-has-1-columns kt-row-layout-equal kt-tab-layout-inherit kt-mobile-layout-row kt-row-valign-top\">\n<style>.kadence-column3689_f7394d-3a > .kt-inside-inner-col,.kadence-column3689_f7394d-3a > .kt-inside-inner-col:before{border-top-left-radius:0px;border-top-right-radius:0px;border-bottom-right-radius:0px;border-bottom-left-radius:0px;}.kadence-column3689_f7394d-3a > .kt-inside-inner-col{column-gap:var(--global-kb-gap-sm, 1rem);}.kadence-column3689_f7394d-3a > .kt-inside-inner-col{flex-direction:column;}.kadence-column3689_f7394d-3a > .kt-inside-inner-col > .aligncenter{width:100%;}.kadence-column3689_f7394d-3a > .kt-inside-inner-col:before{opacity:0.3;}.kadence-column3689_f7394d-3a{position:relative;}@media all and (max-width: 1024px){.kadence-column3689_f7394d-3a > .kt-inside-inner-col{flex-direction:column;justify-content:center;}}@media all and (max-width: 767px){.kadence-column3689_f7394d-3a > .kt-inside-inner-col{flex-direction:column;justify-content:center;}}<\/style>\n<div class=\"wp-block-kadence-column kadence-column3689_f7394d-3a\"><div class=\"kt-inside-inner-col\"><style>.kb-block-show-more-container3689_619d6f-4d > .wp-block-kadence-advancedbtn{margin-top:1em;}.kb-block-show-more-container3689_619d6f-4d > .wp-block-kadence-advancedbtn .kt-btn-wrap:nth-child(2), .kb-block-show-more-container3689_619d6f-4d > .wp-block-kadence-advancedbtn .wp-block-kadence-singlebtn:nth-of-type(2){display:none;}.kb-block-show-more-container3689_619d6f-4d > .wp-block-kadence-column{max-height:0px;overflow-y:hidden;}.kb-block-show-more-container3689_619d6f-4d.kb-smc-open > .wp-block-kadence-column{max-height:none;-webkit-mask-image:none;mask-image:none;overflow-y:unset;}.kb-block-show-more-container3689_619d6f-4d.kb-smc-open > .wp-block-kadence-advancedbtn .kt-btn-wrap:nth-child(1), .kb-block-show-more-container3689_619d6f-4d.kb-smc-open > .wp-block-kadence-advancedbtn .wp-block-kadence-singlebtn:nth-of-type(1){display:none;}.kb-block-show-more-container3689_619d6f-4d.kb-smc-open > .wp-block-kadence-advancedbtn .kt-btn-wrap:nth-child(2), .kb-block-show-more-container3689_619d6f-4d.kb-smc-open > .wp-block-kadence-advancedbtn .wp-block-kadence-singlebtn:nth-of-type(2){display:inline-flex;}.kb-block-show-more-container3689_619d6f-4d.kb-smc-open > .wp-block-kadence-advancedbtn.kt-force-btn-fullwidth .kt-btn-wrap:nth-child(2){display:block;}<\/style>\n<div class=\"wp-block-kadence-show-more kb-block-show-more-container kb-block-show-more-container3689_619d6f-4d\"><style>.kadence-column3689_73825c-60 > .kt-inside-inner-col,.kadence-column3689_73825c-60 > .kt-inside-inner-col:before{border-top-left-radius:0px;border-top-right-radius:0px;border-bottom-right-radius:0px;border-bottom-left-radius:0px;}.kadence-column3689_73825c-60 > .kt-inside-inner-col{column-gap:var(--global-kb-gap-sm, 1rem);}.kadence-column3689_73825c-60 > .kt-inside-inner-col{flex-direction:column;}.kadence-column3689_73825c-60 > .kt-inside-inner-col > .aligncenter{width:100%;}.kadence-column3689_73825c-60 > .kt-inside-inner-col:before{opacity:0.3;}.kadence-column3689_73825c-60{position:relative;}@media all and (max-width: 1024px){.kadence-column3689_73825c-60 > .kt-inside-inner-col{flex-direction:column;justify-content:center;}}@media all and (max-width: 767px){.kadence-column3689_73825c-60 > .kt-inside-inner-col{flex-direction:column;justify-content:center;}}<\/style>\n<div class=\"wp-block-kadence-column kadence-column3689_73825c-60 kb-show-more-content\"><div class=\"kt-inside-inner-col\">\n<p>Pre stiahnutie oma\u013eov\u00e1nok pros\u00edm zadaj do formul\u00e1ra svoje meno a e-mailov\u00fa adresu.<\/p>\n\n\n<style>.wp-block-kadence-form.kadence-form-3689_0fa94a-39.kb-form-wrap{margin-right:var(--global-kb-spacing-xxs, 0.5rem);}.kadence-form-3689_0fa94a-39 .kb-form .kadence-blocks-form-field .kb-forms-submit{background:rgba(0, 128, 0, 0.8);}.kadence-form-3689_0fa94a-39 .kb-form .kadence-blocks-form-field .kb-forms-submit:hover, .kadence-form-3689_0fa94a-39 .kb-form .kadence-blocks-form-field .kb-forms-submit:focus {background:#008000;}.kadence-form-3689_0fa94a-39 .kb-form .kadence-blocks-form-field .kb-forms-submit{margin-top:16px;margin-right:16px;margin-bottom:16px;margin-left:16px;}.kadence-form-3689_0fa94a-39 .kb-form .kadence-blocks-form-field .kb-forms-submit{text-transform:none;}.kadence-form-3689_0fa94a-39 .kadence-blocks-form-message, .kadence-form-3689_0fa94a-39 .kb-form-error-msg{font-size:var(--global-kb-font-size-sm, 0.9rem);}.kb-form input.kadence-blocks-field.verify{opacity:0.0;position:absolute;top:0.0;left:0.0;width:0.0;height:0.0;z-index:-1;}<\/style>\n<div class=\"wp-block-kadence-form kadence-form-3689_0fa94a-39 kb-form-wrap kb-form-align-center\"><form class=\"kb-form\" action=\"\" method=\"post\" data-error-message=\"Nespr\u00e1vny form\u00e1t \u00fadajov vo formul\u00e1ri :(\" data-trp-original-action=\"\"><div class=\"kadence-blocks-form-field kb-field-desk-width-40 kb-field-mobile-width-100 kb-input-size-small\"><label for=\"kb_field_3689_0fa94a-39_0\">Name<span class=\"required\">*<\/span><\/label><input name=\"kb_field_0\" id=\"kb_field_3689_0fa94a-39_0\" data-label=\"Meno\" type=\"text\" placeholder=\"\" value=\"\" data-type=\"text\" class=\"kb-field kb-text-style-field kb-text-field kb-field-0\" data-required=\"yes\" data-required-message=\"Tento \u00fadaj je povinn\u00fd.\"\/><\/div><div class=\"kadence-blocks-form-field kb-form-field-1 kb-field-desk-width-60 kb-field-mobile-width-100 kb-input-size-small\"><label for=\"kb_field_3689_0fa94a-39_1\">E-mail<span class=\"required\">*<\/span><\/label><input name=\"kb_field_1\" id=\"kb_field_3689_0fa94a-39_1\" data-label=\"Email\" type=\"email\" placeholder=\"\" value=\"\" data-type=\"email\" class=\"kb-field kb-text-style-field kb-email-field kb-field-1\" data-required=\"yes\" data-required-message=\"Tento \u00fadaj je povinn\u00fd.\" data-validation-message=\"Nespr\u00e1vny tvar emailovej adresy.\"\/><\/div><div class=\"kadence-blocks-form-field kb-form-field-2 kb-field-desk-width-100 kb-input-size-small kb-accept-form-field\"><input type=\"checkbox\" name=\"kb_field_2\" id=\"kb_field_3689_0fa94a-39_2\" class=\"kb-field kb-checkbox-style kb-accept\" value=\"accept\" checked data-type=\"accept\"\/><label for=\"kb_field_3689_0fa94a-39_2\">S\u00fahlas\u00edm aj so zasielan\u00edm noviniek a zaraden\u00edm mojej e-mailovej adresy do datab\u00e1zy kontaktov. Beriem na vedomie, \u017ee moja adresa sa bude vyu\u017e\u00edva\u0165 len na spolo\u010dn\u00fa komunik\u00e1ciu a z odberu newslettra sa m\u00f4\u017eem kedyko\u013evek odhl\u00e1si\u0165.<\/label><\/div><input type=\"hidden\" name=\"_kb_form_id\" value=\"3689_0fa94a-39\"\/><input type=\"hidden\" name=\"_kb_form_post_id\" value=\"3689\"\/><input type=\"hidden\" name=\"action\" value=\"kb_process_ajax_submit\"\/><input type=\"hidden\" name=\"recaptcha_response\" class=\"kb_recaptcha_response kb_recaptcha_3689_0fa94a-39\"\/><label class=\"kadence-verify-label\">E-mail<input class=\"kadence-blocks-field verify\" type=\"text\" name=\"_kb_verify_email\" autocomplete=\"new-password\" aria-hidden=\"true\" placeholder=\"E-mail\" tabindex=\"-1\" data-1p-ignore=\"true\" data-lpignore=\"true\" \/><\/label><div class=\"kadence-blocks-form-field kb-submit-field kb-field-desk-width-100\"><button class=\"kb-forms-submit button kb-button-size-standard kb-button-width-auto\">Stiahnu\u0165 oma\u013eov\u00e1nky (PDF)<\/button><\/div><input type=\"hidden\" name=\"trp-form-language\" value=\"en\"\/><\/form><\/div>\n<noscript><div class=\"kadence-blocks-form-message kadence-blocks-form-warning\">Please enable JavaScript in your browser to submit the form<\/div><style>.kadence-form-3689_0fa94a-39 .kadence-blocks-form-field.kb-submit-field { display: none; }<\/style><\/noscript>\n\n\n<p><em>PS. Ak si <em>zme\u0161kal\/a<\/em><\/em> <em>oma\u013eov\u00e1nky z minul\u00e9ho roku, m\u00f4\u017ee\u0161 si ich stiahnu\u0165 <a href=\"https:\/\/www.mariakurty.com\/wp-content\/uploads\/2023\/12\/Zimne_omalovanky_mariakurty_2022.pdf\"><strong>na tomto linku<\/strong><\/a>.<\/em><\/p>\n\n\n<style>.wp-block-kadence-spacer.kt-block-spacer-3689_cf25f8-ea .kt-block-spacer{height:60px;}.wp-block-kadence-spacer.kt-block-spacer-3689_cf25f8-ea .kt-divider{border-top-width:1px;height:1px;border-top-color:#eee;width:80%;border-top-style:solid;}<\/style>\n<div class=\"wp-block-kadence-spacer aligncenter kt-block-spacer-3689_cf25f8-ea\"><div class=\"kt-block-spacer kt-block-spacer-halign-center\"><\/div><\/div>\n<\/div><\/div>\n\n\n<style>.wp-block-kadence-advancedbtn.kb-btnsbutton-one-32{gap:var(--global-kb-gap-xs, 0.5rem );justify-content:center;align-items:center;}.kt-btnsbutton-one-32 .kt-button{font-weight:normal;font-style:normal;}.kt-btnsbutton-one-32 .kt-btn-wrap-0{margin-right:5px;}.wp-block-kadence-advancedbtn.kt-btnsbutton-one-32 .kt-btn-wrap-0 .kt-button{color:#555555;border-color:#555555;}.wp-block-kadence-advancedbtn.kt-btnsbutton-one-32 .kt-btn-wrap-0 .kt-button:hover, .wp-block-kadence-advancedbtn.kt-btnsbutton-one-32 .kt-btn-wrap-0 .kt-button:focus{color:#ffffff;border-color:#444444;}.wp-block-kadence-advancedbtn.kt-btnsbutton-one-32 .kt-btn-wrap-0 .kt-button::before{display:none;}.wp-block-kadence-advancedbtn.kt-btnsbutton-one-32 .kt-btn-wrap-0 .kt-button:hover, .wp-block-kadence-advancedbtn.kt-btnsbutton-one-32 .kt-btn-wrap-0 .kt-button:focus{background:#444444;}<\/style>\n<div class=\"wp-block-kadence-advancedbtn kb-buttons-wrap kb-btnsbutton-one-32 kb-show-more-buttons\"><style>ul.menu .wp-block-kadence-advancedbtn .kb-btn3689_bf55df-4f.kb-button{width:initial;}<\/style><button class=\"kb-button kt-button button kb-btn3689_bf55df-4f kt-btn-size-standard kt-btn-width-type-auto kb-btn-global-inherit  kt-btn-has-text-true kt-btn-has-svg-false  wp-block-button__link wp-block-kadence-singlebtn\"><span class=\"kt-btn-inner-text\">Stiahnu\u0165 oma\u013eov\u00e1nky!<\/span><\/button>\n\n<style>ul.menu .wp-block-kadence-advancedbtn .kb-btn3689_25fba3-6b.kb-button{width:initial;}.wp-block-kadence-advancedbtn .kb-btn3689_25fba3-6b.kb-button{background:var(--global-palette7, #EDF2F7);}.kb-btn3689_25fba3-6b.kb-button .kb-svg-icon-wrap{font-size:1.6em;--kb-button-icon-size:1.6em;}.wp-block-kadence-advancedbtn .kb-btn3689_25fba3-6b.kb-button:hover, .wp-block-kadence-advancedbtn .kb-btn3689_25fba3-6b.kb-button:focus{background:var(--global-palette6, #718096);}.kb-btn3689_25fba3-6b.kb-button .kt-btn-inner-text{display:none;}<\/style><button class=\"kb-button kt-button button kb-btn3689_25fba3-6b kt-btn-size-small kt-btn-width-type-full kb-btn-global-fill  kt-btn-has-text-false kt-btn-has-svg-true  wp-block-kadence-singlebtn\"><span class=\"kb-svg-icon-wrap kb-svg-icon-fe_chevronUp kt-btn-icon-side-right\"><svg viewbox=\"0 0 24 24\"  fill=\"none\" stroke=\"currentColor\" stroke-width=\"2\" stroke-linecap=\"round\" stroke-linejoin=\"round\" xmlns=\"http:\/\/www.w3.org\/2000\/svg\"  aria-hidden=\"true\"><polyline points=\"18 15 12 9 6 15\"\/><\/svg><\/span><\/button><\/div>\n<\/div>\n<\/div><\/div>\n\n<\/div><\/div>","protected":false},"excerpt":{"rendered":"<p>Viano\u010dn\u00e9 oma\u013eov\u00e1nky 2023 Op\u00e4\u0165 je tu ten magick\u00fd \u010das z\u00e1zrakov, kedy na chv\u00ed\u013eu spomal\u00edme (aspo\u0148 by sme teda mali, lebo po celom roku si trochu oddychu naozaj zasl\u00fa\u017eime). Tr\u00e1vime viac \u010dasu s rodinou, m\u00e1me viac \u010dasu venova\u0165 sa de\u0165om. Ak m\u00e1\u0161 doma mal\u00e9ho umelca\/umelcov, alebo ty \u010di tvoje ratolesti radi kresl\u00edte a vyfarbujete, m\u00e1m pre&#8230;<\/p>","protected":false},"author":1,"featured_media":0,"parent":0,"menu_order":0,"comment_status":"closed","ping_status":"closed","template":"","meta":{"_kad_post_transparent":"","_kad_post_title":"","_kad_post_layout":"","_kad_post_sidebar_id":"","_kad_post_content_style":"","_kad_post_vertical_padding":"","_kad_post_feature":"","_kad_post_feature_position":"","_kad_post_header":false,"_kad_post_footer":false,"_kad_post_classname":"","footnotes":""},"class_list":["post-3689","page","type-page","status-publish","hentry"],"_links":{"self":[{"href":"https:\/\/www.mariakurty.com\/en\/wp-json\/wp\/v2\/pages\/3689","targetHints":{"allow":["GET"]}}],"collection":[{"href":"https:\/\/www.mariakurty.com\/en\/wp-json\/wp\/v2\/pages"}],"about":[{"href":"https:\/\/www.mariakurty.com\/en\/wp-json\/wp\/v2\/types\/page"}],"author":[{"embeddable":true,"href":"https:\/\/www.mariakurty.com\/en\/wp-json\/wp\/v2\/users\/1"}],"replies":[{"embeddable":true,"href":"https:\/\/www.mariakurty.com\/en\/wp-json\/wp\/v2\/comments?post=3689"}],"version-history":[{"count":7,"href":"https:\/\/www.mariakurty.com\/en\/wp-json\/wp\/v2\/pages\/3689\/revisions"}],"predecessor-version":[{"id":3831,"href":"https:\/\/www.mariakurty.com\/en\/wp-json\/wp\/v2\/pages\/3689\/revisions\/3831"}],"wp:attachment":[{"href":"https:\/\/www.mariakurty.com\/en\/wp-json\/wp\/v2\/media?parent=3689"}],"curies":[{"name":"wp","href":"https:\/\/api.w.org\/{rel}","templated":true}]}}